{"id":318,"date":"2015-07-23T14:23:21","date_gmt":"2015-07-23T14:23:21","guid":{"rendered":"http:\/\/belenspera.com\/wordpress\/?page_id=318"},"modified":"2019-04-08T16:54:15","modified_gmt":"2019-04-08T16:54:15","slug":"como-funciona","status":"publish","type":"page","link":"https:\/\/motionbx.com\/espanol\/como-funciona\/","title":{"rendered":"C\u00f3mo Funciona"},"content":{"rendered":"<h5><a href=\"http:\/\/motionbx.com\/espanol\/wp-content\/uploads\/2019\/04\/HeaderWeb002.jpg\" data-rel=\"lightbox-image-0\" data-rl_title=\"\" data-rl_caption=\"\" title=\"\"><img decoding=\"async\" loading=\"lazy\" class=\"aligncenter wp-image-907 size-full\" src=\"http:\/\/motionbx.com\/espanol\/wp-content\/uploads\/2019\/04\/HeaderWeb002.jpg\" alt=\"\" width=\"1280\" height=\"172\" srcset=\"https:\/\/motionbx.com\/espanol\/wp-content\/uploads\/2019\/04\/HeaderWeb002.jpg 1280w, https:\/\/motionbx.com\/espanol\/wp-content\/uploads\/2019\/04\/HeaderWeb002-300x40.jpg 300w, https:\/\/motionbx.com\/espanol\/wp-content\/uploads\/2019\/04\/HeaderWeb002-1024x138.jpg 1024w, https:\/\/motionbx.com\/espanol\/wp-content\/uploads\/2019\/04\/HeaderWeb002-600x81.jpg 600w, https:\/\/motionbx.com\/espanol\/wp-content\/uploads\/2019\/04\/HeaderWeb002-940x126.jpg 940w\" sizes=\"(max-width: 1280px) 100vw, 1280px\" \/><\/a><\/h5>\n<h5><img decoding=\"async\" loading=\"lazy\" class=\"alignnone size-full wp-image-829\" src=\"http:\/\/motionbx.com\/wp-content\/uploads\/2018\/10\/HeaderWeb002.jpg\" alt=\"\" width=\"1280\" height=\"172\" \/><span style=\"color: #808080;\"><strong>C\u00d3MO FUNCIONA<br \/>\n<\/strong><\/span><span style=\"color: #808080;\">Todos nuestros productos pueden adquirirse en agencias y mercados externos. Estos son<a href=\"https:\/\/motionarray.com?ref=motionbox\" target=\"_blank\" rel=\"noopener noreferrer\"><span style=\"color: #00aaff;\"> Motion Array<\/span><\/a>, <span style=\"color: #00aaff;\"><a style=\"color: #00aaff;\" href=\"https:\/\/www.pond5.com\/?ref=MotionBox\" target=\"_blank\" rel=\"noopener noreferrer\">Pond5<\/a><\/span>, <span style=\"color: #00aaff;\"><a style=\"color: #00aaff;\" href=\"https:\/\/www.motionelements.com\/?ref=6114xtnfm\" target=\"_blank\" rel=\"noopener noreferrer\">Motion Elements\u00a0<\/a><\/span>y\u00a0<a href=\"https:\/\/www.shutterstock.com\/g\/BelS?rid=174321734&amp;utm_medium=email&amp;utm_source=ctrbreferral-link\" target=\"_blank\" rel=\"noopener noreferrer\"><span style=\"color: #00aaff;\">Shutterstock<\/span><\/a>. En ellos, usted puede comprar todo tipo de recursos digitales, desde plantillas de After Effects a stock de video y fotos. Para comprar nuestros productos, debe crear una cuenta en el mercado que mejor se ajuste a sus necesidades.\u00a0 No se preocupe, es muy f\u00e1cil y s\u00f3lo tomar\u00e1 un minuto.<br \/>\n<\/span><span style=\"color: #808080;\">Cada mercado es diferente, no todos venden el mismo tipo de recursos, ni cuentan con los mismos planes de pago. Aseg\u00farese de seleccionar el mercado que mejor se ajuste a sus necesidades.<br \/>\nAqu\u00ed abajo encontrar\u00e1 los carteles que lo redireccionar\u00e1n a dichos mercados. Seleccione el cartel deseado, haga click, cree una cuenta y usted estar\u00e1 listo para comprar.<\/span><\/h5>\n<p><a href=\"https:\/\/www.motionarray.com?ref=motionbox\" target=\"_blank\" rel=\"nofollow noopener noreferrer\"><img decoding=\"async\" src=\"https:\/\/static.tapfiliate.com\/5af73056096f6.jpg?a=35040-f1b203&amp;s=287758-a4a938\" border=\"0\" \/><\/a><br \/>\n<a title=\"Stock Video Footage, After Effects Templates, Royalty Free Music Library\" href=\"https:\/\/www.motionelements.com\/?ref=6114xtnfm\" target=\"_blank\" rel=\"noopener noreferrer\"><img decoding=\"async\" loading=\"lazy\" src=\"https:\/\/s.motionelements.com\/img\/728x90-b.gif\" alt=\"MotionElements - Royalty-Free Marketplace For Stock Video, Music, After Effects Templates\" width=\"728\" height=\"\" border=\"0\" \/><\/a><\/p>\n<div class=\"sstk_widget\" style=\"position: relative; width: 728px; height: 90px;\" data-id=\"e71a30ff-34da-482b-add9-d121f03a4034\"><a style=\"position: absolute; bottom: -1px; right: 1px;\" href=\"https:\/\/submit.shutterstock.com\" target=\"_blank\" rel=\"noopener noreferrer\"> <img decoding=\"async\" style=\"height: 26px;\" src=\"https:\/\/sstkcbstorage.blob.core.windows.net\/content\/img\/red_grey.png\" \/> <\/a><script type='text\/javascript'>window._wdata = window._wdata || [];_wdata.push({server_url: 'https:\/\/promote.shutterstock.com', widget_id: 'e71a30ff-34da-482b-add9-d121f03a4034', host_url: document.URL,width: 728,height: 90});(function(){if (typeof (alensa_widget) !== 'undefined' ) return;var alensa_js = document.createElement('script'); alensa_js.type = 'text\/javascript'; alensa_js.async = true;alensa_js.id = 'alensa_w_script';alensa_js.src = 'https:\/\/promote.shutterstock.com\/content\/embed.js';var s = document.getElementsByTagName('script')[0]; s.parentNode.insertBefore(alensa_js, s);})();<\/script><\/div>\n<p>.<br \/>\n<a href=\"https:\/\/www.pond5.com\/?ref=MotionBox\" target=\"_blank\" rel=\"noopener noreferrer\"><img decoding=\"async\" style=\"width: 350px; height: 117px;\" src=\"https:\/\/www.pond5.com\/images\/pages\/affiliate_program\/banner_350x117@2x.jpg?v=2036d16bb8\" alt=\"Royalty-Free Stock Video at Pond5\" \/><\/a><\/p>\n<h5><span style=\"color: #808080;\"><strong>PLANTILLAS DE AFTER EFFECTS<br \/>\n<\/strong>Nuestras plantillas son muy f\u00e1ciles de usar. S\u00f3lo tiene que agregar sus fotos, videos, logo y textos en el sitio correspondiente, renderizar y listo!<br \/>\nPara una ayuda m\u00e1s detallada sobre c\u00f3mo editar nuestras plantillas, usted encontrar\u00e1 un archivo Ayuda (Help) junto con la descarga del sitio en el que haya efectuado la compra. Si no lo encontrara, puede descargarse <strong><a href=\"https:\/\/drive.google.com\/open?id=1pCMFcwuG6vvPNRUO3J7F3MDG4qppX6CX\" target=\"_blank\" rel=\"noopener noreferrer\">AQU\u00cd<\/a> <\/strong>el pdf detallado.<\/span><\/h5>\n<h5><span style=\"color: #808080;\"><strong>CUSTOMIZACIONES<br \/>\n<\/strong><\/span><span style=\"color: #808080;\">Si usted no tiene After Effects, o le falta alg\u00fan plug-in necesario, o simplemente no tiene el tiempo para customizar la plantilla usted mismo, nosotros tambi\u00e9n ofrecemos servicio de customizaci\u00f3n para todos nuestros productos.<br \/>\n<\/span><span style=\"color: #808080;\">S\u00f3lo p\u00f3ngase en contacto con nosotros.<\/span><\/h5>\n<p><strong><span style=\"color: #00aaff;\"><em>Motion Box<br \/>\n<\/em><\/span><\/strong><span style=\"color: #00aaff;\"><em>The toolbox for your motion creations<\/em><\/span><\/p>\n","protected":false},"excerpt":{"rendered":"<p>C\u00d3MO FUNCIONA Todos nuestros productos pueden adquirirse en agencias y mercados externos. Estos son Motion Array, Pond5, Motion Elements\u00a0y\u00a0Shutterstock. En ellos, usted puede comprar todo tipo de recursos digitales, desde\u2026 <span class=\"read-btn\"><a class=\"read-more\" href=\"https:\/\/motionbx.com\/espanol\/como-funciona\/\">Read More &rarr;<\/a><\/span><\/p>\n","protected":false},"author":1,"featured_media":0,"parent":0,"menu_order":0,"comment_status":"open","ping_status":"open","template":"","meta":[],"_links":{"self":[{"href":"https:\/\/motionbx.com\/espanol\/wp-json\/wp\/v2\/pages\/318"}],"collection":[{"href":"https:\/\/motionbx.com\/espanol\/wp-json\/wp\/v2\/pages"}],"about":[{"href":"https:\/\/motionbx.com\/espanol\/wp-json\/wp\/v2\/types\/page"}],"author":[{"embeddable":true,"href":"https:\/\/motionbx.com\/espanol\/wp-json\/wp\/v2\/users\/1"}],"replies":[{"embeddable":true,"href":"https:\/\/motionbx.com\/espanol\/wp-json\/wp\/v2\/comments?post=318"}],"version-history":[{"count":66,"href":"https:\/\/motionbx.com\/espanol\/wp-json\/wp\/v2\/pages\/318\/revisions"}],"predecessor-version":[{"id":414,"href":"https:\/\/motionbx.com\/espanol\/wp-json\/wp\/v2\/pages\/318\/revisions\/414"}],"wp:attachment":[{"href":"https:\/\/motionbx.com\/espanol\/wp-json\/wp\/v2\/media?parent=318"}],"curies":[{"name":"wp","href":"https:\/\/api.w.org\/{rel}","templated":true}]}}